{"id":3125,"date":"2015-07-20T13:08:18","date_gmt":"2015-07-20T13:08:18","guid":{"rendered":"http:\/\/burst.mikado-themes.com\/burst\/?page_id=3125"},"modified":"2024-09-03T14:58:15","modified_gmt":"2024-09-03T14:58:15","slug":"attivita","status":"publish","type":"page","link":"https:\/\/freeskisauze.it\/?page_id=3125","title":{"rendered":"Attivita"},"content":{"rendered":"<div class=\"wpb-content-wrapper\"><p>[vc_row row_type=&#8221;row&#8221; use_row_as_full_screen_section=&#8221;no&#8221; type=&#8221;grid&#8221; oblique_section=&#8221;no&#8221; text_align=&#8221;center&#8221; Overflow=&#8221;&#8221; triangle_shape=&#8221;no&#8221; background_color=&#8221;#f3f3f4&#8243; padding_bottom=&#8221;30&#8243; css_animation=&#8221;&#8221; overflow=&#8221;&#8221;][vc_column][vc_empty_space image_repeat=&#8221;no-repeat&#8221;][vc_empty_space image_repeat=&#8221;no-repeat&#8221;][vc_empty_space image_repeat=&#8221;no-repeat&#8221;][vc_column_text]<\/p>\n<h2 style=\"text-align: center;\">LE NOSTRE ATTIVITA\u2019<\/h2>\n<p>[\/vc_column_text][vc_row_inner row_type=&#8221;row&#8221; type=&#8221;full_width&#8221; use_row_as_full_screen_section_slide=&#8221;no&#8221; text_align=&#8221;center&#8221; padding_top=&#8221;50&#8243; css_animation=&#8221;&#8221; box_shadow_on_row=&#8221;no&#8221;][vc_column_inner width=&#8221;1\/3&#8243;][vc_single_image image=&#8221;351454&#8243; img_size=&#8221;388&#215;388&#8243; alignment=&#8221;center&#8221; style=&#8221;vc_box_rounded&#8221; mkd_css_animation=&#8221;&#8221; set_shader=&#8221;no&#8221; set_popup=&#8221;no&#8221; animate_image_on_hover=&#8221;no&#8221;][vc_separator type=&#8221;transparent&#8221; up=&#8221;50&#8243; up_style=&#8221;px&#8221; down=&#8221;0&#8243; down_style=&#8221;px&#8221;][vc_column_text]<\/p>\n<h3><span style=\"color: #555555;\">PISTA<\/span><\/h3>\n<p>[\/vc_column_text][vc_separator type=&#8221;normal&#8221; color=&#8221;#dddddd&#8221; border_style=&#8221;dashed&#8221; thickness=&#8221;1&#8243; up=&#8221;15&#8243; up_style=&#8221;px&#8221; down=&#8221;15&#8243; down_style=&#8221;px&#8221;][vc_column_text]<\/p>\n<h6 style=\"text-align: center;\">Il miglioramento del gesto tecnico sciistico in pista \u00e8 la base fondamentale per poter affrontare tutte le altre attivit\u00e0.<br \/>\nAttraverso esercizi divertenti con noi imparerai a sciare e a gestire il tuo corpo in tutte le situazioni. Con il nostri allenatori e con il nostro istruttore nazionale Simone Eydallin potrai imparare a sciare come un professionista e a costruire le basi per accedere in futuro al corso maestri.<\/h6>\n<p>[\/vc_column_text][vc_separator type=&#8221;transparent&#8221; up=&#8221;40&#8243; up_style=&#8221;px&#8221; down=&#8221;0&#8243; down_style=&#8221;px&#8221;][\/vc_column_inner][vc_column_inner width=&#8221;1\/3&#8243;][vc_single_image image=&#8221;351455&#8243; img_size=&#8221;388&#215;388&#8243; alignment=&#8221;center&#8221; style=&#8221;vc_box_rounded&#8221; mkd_css_animation=&#8221;&#8221; set_shader=&#8221;no&#8221; set_popup=&#8221;no&#8221; animate_image_on_hover=&#8221;no&#8221;][vc_separator type=&#8221;transparent&#8221; up=&#8221;50&#8243; up_style=&#8221;px&#8221; down=&#8221;0&#8243; down_style=&#8221;px&#8221;][vc_column_text]<\/p>\n<h3><span style=\"color: #555555;\">FREERIDE<\/span><\/h3>\n<p>[\/vc_column_text][vc_separator type=&#8221;small&#8221; position=&#8221;center&#8221; color=&#8221;#dddddd&#8221; border_style=&#8221;dashed&#8221; width=&#8221;330&#8243; thickness=&#8221;1&#8243; up=&#8221;15&#8243; up_style=&#8221;px&#8221; down=&#8221;15&#8243; down_style=&#8221;px&#8221;][vc_column_text]<\/p>\n<h6>Cosa c&#8217;\u00e8 di pi\u00f9 bello che sciare nei nostri boschi dopo una bella nevicata? Con noi imparerai a muoverti in sicurezza in fuori pista e scoprirai tutti gli angoli nascosti delle nostre meravigliose montagne.<\/h6>\n<p>[\/vc_column_text][vc_separator type=&#8221;transparent&#8221; up=&#8221;40&#8243; up_style=&#8221;px&#8221; down=&#8221;0&#8243; down_style=&#8221;px&#8221;][\/vc_column_inner][vc_column_inner width=&#8221;1\/3&#8243;][vc_single_image image=&#8221;351456&#8243; img_size=&#8221;388&#215;388&#8243; alignment=&#8221;center&#8221; style=&#8221;vc_box_rounded&#8221; mkd_css_animation=&#8221;&#8221; set_shader=&#8221;no&#8221; set_popup=&#8221;no&#8221; animate_image_on_hover=&#8221;no&#8221;][vc_separator type=&#8221;transparent&#8221; up=&#8221;50&#8243; up_style=&#8221;px&#8221; down=&#8221;0&#8243; down_style=&#8221;px&#8221;][vc_column_text]<\/p>\n<h3><span style=\"color: #000000;\"><span style=\"color: #555555;\">SNOWPARK<\/span><\/span><\/h3>\n<p>[\/vc_column_text][vc_separator type=&#8221;small&#8221; position=&#8221;center&#8221; color=&#8221;#dddddd&#8221; border_style=&#8221;dashed&#8221; width=&#8221;330&#8243; thickness=&#8221;1&#8243; up=&#8221;15&#8243; up_style=&#8221;px&#8221; down=&#8221;15&#8243; down_style=&#8221;px&#8221;][vc_column_text]<\/p>\n<h6>Lo snowpark \u00e8 la palestra per chi vuole iniziare a saltare con gli sci.<br \/>\nIl freestyle \u00e8 un attivit\u00e0 divertente, utile per allenare la gestione del proprio corpo. Con noi imparerai a saltare dritto correttamente ed in seguito potrai provare manovre pi\u00f9 complesse come il 180, i grab e il 360.<\/h6>\n<p>[\/vc_column_text][vc_separator type=&#8221;transparent&#8221; up=&#8221;40&#8243; up_style=&#8221;px&#8221; down=&#8221;0&#8243; down_style=&#8221;px&#8221;][\/vc_column_inner][\/vc_row_inner][vc_row_inner row_type=&#8221;row&#8221; type=&#8221;full_width&#8221; use_row_as_full_screen_section_slide=&#8221;no&#8221; text_align=&#8221;center&#8221; padding_bottom=&#8221;100&#8243; css_animation=&#8221;&#8221; box_shadow_on_row=&#8221;no&#8221;][vc_column_inner width=&#8221;1\/3&#8243;][vc_single_image image=&#8221;351332&#8243; img_size=&#8221;388&#215;388&#8243; alignment=&#8221;center&#8221; style=&#8221;vc_box_rounded&#8221; mkd_css_animation=&#8221;&#8221; set_shader=&#8221;no&#8221; set_popup=&#8221;no&#8221; animate_image_on_hover=&#8221;no&#8221;][vc_separator type=&#8221;transparent&#8221; up=&#8221;50&#8243; up_style=&#8221;px&#8221; down=&#8221;0&#8243; down_style=&#8221;px&#8221;][vc_column_text]<\/p>\n<h3><span style=\"color: #555555;\">Backcountry freestyle<\/span><\/h3>\n<p>[\/vc_column_text][vc_separator type=&#8221;small&#8221; position=&#8221;center&#8221; color=&#8221;#dddddd&#8221; border_style=&#8221;solid&#8221; width=&#8221;330&#8243; thickness=&#8221;1&#8243; up=&#8221;15&#8243; up_style=&#8221;px&#8221; down=&#8221;15&#8243; down_style=&#8221;px&#8221;][vc_column_text]<\/p>\n<h6 class=\"Corpo\" style=\"tab-stops: 35.45pt 70.85pt 106.3pt 5.0cm 177.15pt 212.6pt 248.05pt 283.45pt 318.9pt 354.35pt 389.75pt 425.2pt 460.65pt;\">Saltare nello snowpark \u00e8 divertente ma se lo fai su un salto che hai costruito con le tue mani lo \u00e8 ancora di pi\u00f9.<br \/>\nCon i nostri coach imparerai a costruire un salto e successivamente potrai provare trick divertenti atterrando in neve fresca.<\/h6>\n<p>[\/vc_column_text][vc_separator type=&#8221;transparent&#8221; up=&#8221;40&#8243; up_style=&#8221;px&#8221; down=&#8221;0&#8243; down_style=&#8221;px&#8221;][\/vc_column_inner][vc_column_inner width=&#8221;1\/3&#8243;][vc_single_image image=&#8221;351457&#8243; img_size=&#8221;388&#215;388&#8243; alignment=&#8221;center&#8221; style=&#8221;vc_box_rounded&#8221; mkd_css_animation=&#8221;&#8221; set_shader=&#8221;no&#8221; set_popup=&#8221;no&#8221; animate_image_on_hover=&#8221;no&#8221;][vc_separator type=&#8221;transparent&#8221; up=&#8221;50&#8243; up_style=&#8221;px&#8221; down=&#8221;0&#8243; down_style=&#8221;px&#8221;][vc_column_text]<\/p>\n<h3>SCI ALPINISMO<\/h3>\n<p>[\/vc_column_text][vc_separator type=&#8221;small&#8221; position=&#8221;center&#8221; color=&#8221;#dddddd&#8221; border_style=&#8221;solid&#8221; width=&#8221;330&#8243; thickness=&#8221;1&#8243; up=&#8221;15&#8243; up_style=&#8221;px&#8221; down=&#8221;15&#8243; down_style=&#8221;px&#8221;][vc_column_text]<\/p>\n<h6>Abbandonare le piste da sci per un giorno ed avventurarsi con l\u2019aiuto delle pelli di foca in posti magnifici. Lo sci alpinismo comporta un po\u2019 di fatica ma regala anche tanta soddisfazione.<br \/>\nCon la nostra guida alpina Marco imparerai i trucchi di questa bellissima disciplina, raggiungerai pendii ancora vergini e valuteremo insieme le condizioni della neve. Inoltre ti verr\u00e0 insegnato come usare il safety kit (Artva, pala e sonda).<\/h6>\n<p>[\/vc_column_text][vc_separator type=&#8221;transparent&#8221; up=&#8221;40&#8243; up_style=&#8221;px&#8221; down=&#8221;0&#8243; down_style=&#8221;px&#8221;][\/vc_column_inner][vc_column_inner width=&#8221;1\/3&#8243;][vc_single_image image=&#8221;351458&#8243; img_size=&#8221;388&#215;388&#8243; alignment=&#8221;center&#8221; style=&#8221;vc_box_rounded&#8221; mkd_css_animation=&#8221;&#8221; set_shader=&#8221;no&#8221; set_popup=&#8221;no&#8221; animate_image_on_hover=&#8221;no&#8221;][vc_separator type=&#8221;transparent&#8221; up=&#8221;50&#8243; up_style=&#8221;px&#8221; down=&#8221;0&#8243; down_style=&#8221;px&#8221;][vc_column_text]<\/p>\n<h3 style=\"text-align: center;\">FREE TOURING<\/h3>\n<p>[\/vc_column_text][vc_separator type=&#8221;small&#8221; position=&#8221;center&#8221; color=&#8221;#dddddd&#8221; border_style=&#8221;solid&#8221; width=&#8221;330&#8243; thickness=&#8221;1&#8243; up=&#8221;15&#8243; up_style=&#8221;px&#8221; down=&#8221;15&#8243; down_style=&#8221;px&#8221;][vc_column_text]<\/p>\n<h6>Il perfetto mix tra impianti e pelli. Potrai raggiungere pendii vergini con poca fatica e grande divertimento in discesa.<\/h6>\n<p>[\/vc_column_text][vc_separator type=&#8221;transparent&#8221; up=&#8221;40&#8243; up_style=&#8221;px&#8221; down=&#8221;0&#8243; down_style=&#8221;px&#8221;][\/vc_column_inner][\/vc_row_inner][\/vc_column][\/vc_row][vc_row row_type=&#8221;row&#8221; use_row_as_full_screen_section=&#8221;yes&#8221; type=&#8221;full_width&#8221; oblique_section=&#8221;no&#8221; text_align=&#8221;center&#8221; Overflow=&#8221;&#8221; triangle_shape=&#8221;no&#8221; css_animation=&#8221;&#8221; overflow=&#8221;&#8221;][vc_column css=&#8221;.vc_custom_1473719373676{padding-right: 20px !important;padding-left: 20px !important;}&#8221;][vc_column_text css=&#8221;.vc_custom_1725370741414{padding-top: 50px !important;padding-bottom: 50px !important;}&#8221;]<\/p>\n<h2 style=\"text-align: center;\">Pacchetti Inverno 2024\/25<\/h2>\n<p>[\/vc_column_text][\/vc_column][\/vc_row][vc_row row_type=&#8221;row&#8221; use_row_as_full_screen_section=&#8221;no&#8221; type=&#8221;grid&#8221; oblique_section=&#8221;no&#8221; text_align=&#8221;center&#8221; Overflow=&#8221;&#8221; triangle_shape=&#8221;no&#8221; css_animation=&#8221;element_from_fade&#8221; overflow=&#8221;&#8221;][vc_column][vc_column_text css=&#8221;.vc_custom_1725371150363{padding-top: 50px !important;padding-bottom: 50px !important;}&#8221;]<a href=\"https:\/\/freeskisauze.it\/wp-content\/uploads\/2024\/09\/prezzi-freeskisauze_202425.jpg\"><img loading=\"lazy\" decoding=\"async\" class=\"alignnone wp-image-351466 size-full\" src=\"https:\/\/freeskisauze.it\/wp-content\/uploads\/2024\/09\/prezzi-freeskisauze_202425.jpg\" alt=\"\" width=\"1955\" height=\"1033\" \/><\/a>Le <strong>vacanze di Natale<\/strong> si intendono dal 26\/12 al 06\/01, 1 gennaio escluso. I <strong>5 giorni a Natale<\/strong> si intendono o dal 27 al 31 dicembre, o dal 2 al 6 gennaio. I corsi del <strong>weekend<\/strong> vanno dall&#8217;11 di gennaio al 30 di marzo.<\/p>\n<p>Tali pacchetti non includono il costo della divisa Freeskisauze, e del safety kit (Artva, pala e sonda) obbligatorio per le giornate di fuoripista.[\/vc_column_text][\/vc_column][\/vc_row][vc_row row_type=&#8221;row&#8221; use_row_as_full_screen_section=&#8221;no&#8221; type=&#8221;full_width&#8221; oblique_section=&#8221;no&#8221; text_align=&#8221;left&#8221; Overflow=&#8221;&#8221; triangle_shape=&#8221;no&#8221; css_animation=&#8221;&#8221; overflow=&#8221;&#8221;][vc_column][vc_empty_space image_repeat=&#8221;no-repeat&#8221;][\/vc_column][\/vc_row][vc_row row_type=&#8221;row&#8221; use_row_as_full_screen_section=&#8221;no&#8221; type=&#8221;grid&#8221; oblique_section=&#8221;no&#8221; text_align=&#8221;center&#8221; Overflow=&#8221;&#8221; triangle_shape=&#8221;no&#8221; css_animation=&#8221;element_from_fade&#8221; overflow=&#8221;&#8221;][vc_column][vc_column_text css=&#8221;.vc_custom_1504643171181{padding-top: 50px !important;padding-bottom: 50px !important;}&#8221;]<\/p>\n<h4 style=\"text-align: center;\"><a href=\"https:\/\/freeskisauze.it\/contattaci\/\">FAI UNA GIORNATA DI PROVA GRATUITA<\/a><\/h4>\n<p>[\/vc_column_text][\/vc_column][\/vc_row][vc_row row_type=&#8221;row&#8221; use_row_as_full_screen_section=&#8221;no&#8221; type=&#8221;full_width&#8221; oblique_section=&#8221;no&#8221; text_align=&#8221;left&#8221; Overflow=&#8221;&#8221; triangle_shape=&#8221;no&#8221; css_animation=&#8221;&#8221; overflow=&#8221;&#8221;][vc_column][\/vc_column][\/vc_row][vc_row row_type=&#8221;row&#8221; use_row_as_full_screen_section=&#8221;no&#8221; type=&#8221;full_width&#8221; oblique_section=&#8221;no&#8221; text_align=&#8221;left&#8221; Overflow=&#8221;&#8221; triangle_shape=&#8221;no&#8221; css_animation=&#8221;&#8221; overflow=&#8221;&#8221;][vc_column][\/vc_column][\/vc_row]<\/p>\n<\/div>","protected":false},"excerpt":{"rendered":"<p>[vc_row row_type=&#8221;row&#8221; use_row_as_full_screen_section=&#8221;no&#8221; type=&#8221;grid&#8221; oblique_section=&#8221;no&#8221; text_align=&#8221;center&#8221; Overflow=&#8221;&#8221; triangle_shape=&#8221;no&#8221; background_color=&#8221;#f3f3f4&#8243; padding_bottom=&#8221;30&#8243; css_animation=&#8221;&#8221; overflow=&#8221;&#8221;][vc_column][vc_empty_space image_repeat=&#8221;no-repeat&#8221;][vc_empty_space image_repeat=&#8221;no-repeat&#8221;][vc_empty_space image_repeat=&#8221;no-repeat&#8221;][vc_column_text] LE NOSTRE ATTIVITA\u2019 [\/vc_column_text][vc_row_inner row_type=&#8221;row&#8221; type=&#8221;full_width&#8221; use_row_as_full_screen_section_slide=&#8221;no&#8221; text_align=&#8221;center&#8221; padding_top=&#8221;50&#8243; css_animation=&#8221;&#8221; box_shadow_on_row=&#8221;no&#8221;][vc_column_inner width=&#8221;1\/3&#8243;][vc_single_image image=&#8221;351454&#8243; img_size=&#8221;388&#215;388&#8243; alignment=&#8221;center&#8221; style=&#8221;vc_box_rounded&#8221; mkd_css_animation=&#8221;&#8221; set_shader=&#8221;no&#8221; set_popup=&#8221;no&#8221; animate_image_on_hover=&#8221;no&#8221;][vc_separator type=&#8221;transparent&#8221; up=&#8221;50&#8243; up_style=&#8221;px&#8221; down=&#8221;0&#8243; down_style=&#8221;px&#8221;][vc_column_text] PISTA [\/vc_column_text][vc_separator type=&#8221;normal&#8221; color=&#8221;#dddddd&#8221; border_style=&#8221;dashed&#8221;&#8230;<\/p>\n","protected":false},"author":1,"featured_media":0,"parent":0,"menu_order":0,"comment_status":"open","ping_status":"open","template":"full_width.php","meta":{"footnotes":""},"class_list":["post-3125","page","type-page","status-publish","hentry"],"_links":{"self":[{"href":"https:\/\/freeskisauze.it\/index.php?rest_route=\/wp\/v2\/pages\/3125","targetHints":{"allow":["GET"]}}],"collection":[{"href":"https:\/\/freeskisauze.it\/index.php?rest_route=\/wp\/v2\/pages"}],"about":[{"href":"https:\/\/freeskisauze.it\/index.php?rest_route=\/wp\/v2\/types\/page"}],"author":[{"embeddable":true,"href":"https:\/\/freeskisauze.it\/index.php?rest_route=\/wp\/v2\/users\/1"}],"replies":[{"embeddable":true,"href":"https:\/\/freeskisauze.it\/index.php?rest_route=%2Fwp%2Fv2%2Fcomments&post=3125"}],"version-history":[{"count":176,"href":"https:\/\/freeskisauze.it\/index.php?rest_route=\/wp\/v2\/pages\/3125\/revisions"}],"predecessor-version":[{"id":351493,"href":"https:\/\/freeskisauze.it\/index.php?rest_route=\/wp\/v2\/pages\/3125\/revisions\/351493"}],"wp:attachment":[{"href":"https:\/\/freeskisauze.it\/index.php?rest_route=%2Fwp%2Fv2%2Fmedia&parent=3125"}],"curies":[{"name":"wp","href":"https:\/\/api.w.org\/{rel}","templated":true}]}}