{"id":1745,"date":"2015-07-10T13:45:06","date_gmt":"2015-07-10T13:45:06","guid":{"rendered":"http:\/\/burst.mikado-themes.com\/burst\/?page_id=1745"},"modified":"2024-09-03T14:05:21","modified_gmt":"2024-09-03T14:05:21","slug":"chi-siamo","status":"publish","type":"page","link":"https:\/\/freeskisauze.it\/?page_id=1745","title":{"rendered":"Chi Siamo"},"content":{"rendered":"<div class=\"wpb-content-wrapper\"><p>[vc_row row_type=&#8221;row&#8221; use_row_as_full_screen_section=&#8221;yes&#8221; type=&#8221;full_width&#8221; oblique_section=&#8221;no&#8221; text_align=&#8221;left&#8221; Overflow=&#8221;&#8221; triangle_shape=&#8221;no&#8221; background_image=&#8221;351316&#8243; padding_top=&#8221;400&#8243; padding_bottom=&#8221;400&#8243; css_animation=&#8221;&#8221; overflow=&#8221;&#8221; el_class=&#8221;filosofia&#8221;][vc_column][\/vc_column][\/vc_row][vc_row row_type=&#8221;row&#8221; use_row_as_full_screen_section=&#8221;no&#8221; type=&#8221;grid&#8221; oblique_section=&#8221;no&#8221; text_align=&#8221;center&#8221; Overflow=&#8221;&#8221; triangle_shape=&#8221;no&#8221; background_color=&#8221;#f3f3f4&#8243; padding_bottom=&#8221;55&#8243; css_animation=&#8221;&#8221; overflow=&#8221;&#8221; box_shadow_on_row=&#8221;no&#8221;][vc_column offset=&#8221;vc_col-lg-offset-1 vc_col-lg-10&#8243;][vc_empty_space image_repeat=&#8221;no-repeat&#8221;][vc_column_text]<\/p>\n<h1 style=\"text-align: center;\">CHI SIAMO<\/h1>\n<p>[\/vc_column_text][vc_empty_space height=&#8221;60px&#8221; image_repeat=&#8221;no-repeat&#8221;][vc_column_text]<\/p>\n<h2 style=\"text-align: center;\">Freeskisauze \u00e8 un team di ragazzi che desiderano praticare lo sci alpino a 360 gradi.<\/h2>\n<h5 style=\"text-align: center;\">Il nostro obbiettivo \u00e8 quello di far conoscere, divertendosi, i segreti della montagna e del suo ambiente attraverso sciate su tutti i tipi di neve: in pista, in neve fresca, e all\u2019interno dello snowpark sempre con l\u2019intento di fare crescere i nostri ragazzi sia a livello tecnico sportivo che educativo<\/h5>\n<h5>[vc_separator type=&#8221;transparent&#8221; position=&#8221;center&#8221; color=&#8221;&#8221; border_style=&#8221;dashed&#8221; width=&#8221;&#8221; thickness=&#8221;&#8221; up=&#8221;&#8221; down=&#8221;&#8221;]<\/h5>\n<p>[vc_separator type=&#8221;normal&#8221; position=&#8221;left&#8221; color=&#8221;#bbb&#8221; border_style=&#8221;dashed&#8221; width=&#8221;&#8221; thickness=&#8221;1&#8243; up=&#8221;20&#8243; down=&#8221;10&#8243;]<\/p>\n<h5>[vc_separator type=&#8221;transparent&#8221; position=&#8221;center&#8221; color=&#8221;&#8221; border_style=&#8221;dashed&#8221; width=&#8221;&#8221; thickness=&#8221;&#8221; up=&#8221;&#8221; down=&#8221;&#8221;]<\/h5>\n<h3 style=\"text-align: center; margin-top: 20px; margin-bottom: 20px;\">I Nostri Obbiettivi<\/h3>\n<p>&nbsp;<\/p>\n<p>[vc_separator type=&#8221;transparent&#8221; position=&#8221;center&#8221; color=&#8221;&#8221; border_style=&#8221;dashed&#8221; width=&#8221;&#8221; thickness=&#8221;&#8221; up=&#8221;&#8221; down=&#8221;&#8221;]<\/p>\n<h4 style=\"text-align: center;\">Educazione<\/h4>\n<p>[vc_separator type=&#8221;transparent&#8221; position=&#8221;center&#8221; color=&#8221;&#8221; border_style=&#8221;dashed&#8221; width=&#8221;&#8221; thickness=&#8221;&#8221; up=&#8221;&#8221; down=&#8221;&#8221;]<\/p>\n<p style=\"text-align: center; font-size: 1.2em;\">Cerchiamo di promuovere un processo di crescita nel quale un ragazzo apprende gradualmente a diventare padrone di s\u00e9, con quanto ne consegue in termini di responsabilit\u00e0, relazioni, impegno, libert\u00e0, affettivit\u00e0.<\/p>\n<p>[vc_separator type=&#8221;transparent&#8221; position=&#8221;center&#8221; color=&#8221;&#8221; border_style=&#8221;dashed&#8221; width=&#8221;&#8221; thickness=&#8221;&#8221; up=&#8221;&#8221; down=&#8221;&#8221;]<\/p>\n<h4 style=\"text-align: center;\">Sicurezza<\/h4>\n<p>[vc_separator type=&#8221;transparent&#8221; position=&#8221;center&#8221; color=&#8221;&#8221; border_style=&#8221;dashed&#8221; width=&#8221;&#8221; thickness=&#8221;&#8221; up=&#8221;&#8221; down=&#8221;&#8221;]<\/p>\n<p style=\"text-align: center; font-size: 1.2em;\">La sicurezza va di pari passo con l\u2019educazione. Ogni ragazzo viene stimolato in base alle sue capacit\u00e0 e ai suoi obbiettivi. Grazie all\u2019esperienza e alla professionalit\u00e0 dei nostri allenatori riusciamo a garantire un ambiente il pi\u00f9 sicuro possibile per la crescita di ogni singolo allievo.<\/p>\n<p>[vc_separator type=&#8221;transparent&#8221; position=&#8221;center&#8221; color=&#8221;&#8221; border_style=&#8221;dashed&#8221; width=&#8221;&#8221; thickness=&#8221;&#8221; up=&#8221;&#8221; down=&#8221;&#8221;]<\/p>\n<h4 style=\"text-align: center;\">Spirito di Gruppo<\/h4>\n<p>[vc_separator type=&#8221;transparent&#8221; position=&#8221;center&#8221; color=&#8221;&#8221; border_style=&#8221;dashed&#8221; width=&#8221;&#8221; thickness=&#8221;&#8221; up=&#8221;&#8221; down=&#8221;&#8221;]<\/p>\n<p style=\"text-align: center; font-size: 1.2em;\">Facciamo di tutto per creare un&#8217;atmosfera serena dove poter crescere, confrontarsi e divertirsi. L\u2019amicizia \u00e8 la base per la formazione di un gruppo unito.<\/p>\n<p>[vc_separator type=&#8221;transparent&#8221; position=&#8221;center&#8221; color=&#8221;&#8221; border_style=&#8221;dashed&#8221; width=&#8221;&#8221; thickness=&#8221;&#8221; up=&#8221;&#8221; down=&#8221;&#8221;]<\/p>\n<h4 style=\"text-align: center;\">Passione, Tecnica e risultati<\/h4>\n<p>[vc_separator type=&#8221;transparent&#8221; position=&#8221;center&#8221; color=&#8221;&#8221; border_style=&#8221;dashed&#8221; width=&#8221;&#8221; thickness=&#8221;&#8221; up=&#8221;&#8221; down=&#8221;&#8221;]<\/p>\n<p style=\"text-align: center; font-size: 1.2em;\">Crediamo fortemente che per migliorare ci vuole, in primis, una forte motivazione che deriva dalla passione. Quando si ha passione per qualcosa si pu\u00f2 solo che progredire e migliorare.<\/p>\n<h5>[vc_separator type=&#8221;transparent&#8221; position=&#8221;center&#8221; color=&#8221;&#8221; border_style=&#8221;dashed&#8221; width=&#8221;&#8221; thickness=&#8221;&#8221; up=&#8221;&#8221; down=&#8221;&#8221;]<\/h5>\n<p>&nbsp;<\/p>\n<h5>[vc_separator type=&#8221;transparent&#8221; position=&#8221;center&#8221; color=&#8221;&#8221; border_style=&#8221;dashed&#8221; width=&#8221;&#8221; thickness=&#8221;&#8221; up=&#8221;&#8221; down=&#8221;&#8221;]<\/h5>\n<p>[\/vc_column_text][vc_separator type=&#8221;transparent&#8221; up=&#8221;-51&#8243; up_style=&#8221;px&#8221; down=&#8221;0&#8243; down_style=&#8221;px&#8221;][vc_row_inner row_type=&#8221;row&#8221; type=&#8221;full_width&#8221; use_row_as_full_screen_section_slide=&#8221;no&#8221; text_align=&#8221;left&#8221; css_animation=&#8221;&#8221;][vc_column_inner width=&#8221;1\/3&#8243;][vc_separator type=&#8221;normal&#8221; up=&#8221;30&#8243; up_style=&#8221;px&#8221; down_style=&#8221;px&#8221;][vc_column_text]<\/p>\n<h3 style=\"text-align: center;\">MARCO<br \/>\nEYDALLIN<\/h3>\n<p>[\/vc_column_text][vc_separator type=&#8221;normal&#8221; up_style=&#8221;px&#8221; down_style=&#8221;px&#8221;][vc_single_image image=&#8221;351473&#8243; img_size=&#8221;medium&#8221; mkd_css_animation=&#8221;&#8221; set_shader=&#8221;no&#8221; set_popup=&#8221;no&#8221; animate_image_on_hover=&#8221;no&#8221;][vc_separator type=&#8221;transparent&#8221; up=&#8221;15&#8243; up_style=&#8221;px&#8221; down=&#8221;20&#8243; down_style=&#8221;px&#8221;][vc_column_text]<\/p>\n<p style=\"text-align: center;\"><strong>40 ANNI DI SAUZE D\u2019OULX.<\/strong><br \/>\n<strong>MAESTRO DI SCI DAL 2003.<\/strong><br \/>\n<strong>ALLENATORE DI II LIVELLO.<\/strong><br \/>\n<strong>DOCENTE DI FREESTYLE PRESSO LA SCUOLA TECNICI FEDERALI.<\/strong><br \/>\n<strong>GUIDA ALPINA.<\/strong><\/p>\n<p>[\/vc_column_text][vc_separator type=&#8221;transparent&#8221; up=&#8221;15&#8243; up_style=&#8221;px&#8221; down=&#8221;20&#8243; down_style=&#8221;px&#8221;]<a href=\"https:\/\/freeskisauze.it\/chi-siamo\/marco-eydallin\/\" target=\"_self\"  class=\"qbutton  big_large_full_width white fill_from_bottom icon_right\" style=\"font-size: 20px; \"><span class=\"text_wrap\" data-text=\"BIO\"  style=\"\">BIO<\/span><span class=\"a_overlay\" style=\"\"><\/span><\/a>[\/vc_column_inner][vc_column_inner width=&#8221;1\/3&#8243;][vc_separator type=&#8221;normal&#8221; up=&#8221;30&#8243; up_style=&#8221;px&#8221; down_style=&#8221;px&#8221;][vc_column_text]<\/p>\n<h3 style=\"text-align: center;\">SIMO<br \/>\nEYDALLIN<\/h3>\n<p>[\/vc_column_text][vc_separator type=&#8221;normal&#8221; up_style=&#8221;px&#8221; down_style=&#8221;px&#8221;][vc_single_image image=&#8221;351474&#8243; img_size=&#8221;medium&#8221; mkd_css_animation=&#8221;&#8221; set_shader=&#8221;no&#8221; set_popup=&#8221;no&#8221; animate_image_on_hover=&#8221;no&#8221;][vc_separator type=&#8221;transparent&#8221; up=&#8221;15&#8243; up_style=&#8221;px&#8221; down=&#8221;20&#8243; down_style=&#8221;px&#8221;][vc_column_text]<\/p>\n<p style=\"text-align: center;\"><strong>38 ANNI DI SAUZE D\u2019OULX.<\/strong><br \/>\n<strong>MAESTRO DI SCI DAL 2006.<\/strong><br \/>\n<strong>ALLENATORE DI II E III LIVELLO.<\/strong><br \/>\n<strong>ISTRUTTORE NAZIONALE DI SCI ALPINO.<\/strong><\/p>\n<p>[\/vc_column_text][vc_separator type=&#8221;transparent&#8221; up=&#8221;15&#8243; up_style=&#8221;px&#8221; down=&#8221;20&#8243; down_style=&#8221;px&#8221;]<a href=\"https:\/\/freeskisauze.it\/simo-eydallin\/\" target=\"_self\"  class=\"qbutton  big_large_full_width white fill_from_bottom icon_right\" style=\"font-size: 20px; \"><span class=\"text_wrap\" data-text=\"BIO\"  style=\"\">BIO<\/span><span class=\"a_overlay\" style=\"\"><\/span><\/a>[\/vc_column_inner][vc_column_inner width=&#8221;1\/3&#8243;][vc_separator type=&#8221;normal&#8221; up=&#8221;30&#8243; up_style=&#8221;px&#8221; down_style=&#8221;px&#8221;][vc_column_text]<\/p>\n<h3 style=\"text-align: center;\">VINCENT<br \/>\nHAWKINS<\/h3>\n<p>[\/vc_column_text][vc_separator type=&#8221;normal&#8221; up_style=&#8221;px&#8221; down_style=&#8221;px&#8221;][vc_single_image image=&#8221;351476&#8243; img_size=&#8221;medium&#8221; mkd_css_animation=&#8221;&#8221; set_shader=&#8221;no&#8221; set_popup=&#8221;no&#8221; animate_image_on_hover=&#8221;no&#8221;][vc_separator type=&#8221;transparent&#8221; up=&#8221;15&#8243; up_style=&#8221;px&#8221; down=&#8221;20&#8243; down_style=&#8221;px&#8221;][vc_column_text]<\/p>\n<p style=\"text-align: center;\"><strong>25 ANNI DI SAUZE D\u2019OULX.<\/strong><br \/>\n<strong>CRESCIUTO TRA LE FILE DEL FREESKISAUZE. <\/strong><\/p>\n<p style=\"text-align: center;\"><strong>MAESTRO DI SCI DAL 2019<\/strong><\/p>\n<p>[\/vc_column_text][\/vc_column_inner][\/vc_row_inner][vc_row_inner row_type=&#8221;row&#8221; type=&#8221;full_width&#8221; use_row_as_full_screen_section_slide=&#8221;no&#8221; text_align=&#8221;left&#8221; css_animation=&#8221;&#8221;][vc_column_inner width=&#8221;1\/2&#8243;][vc_separator type=&#8221;normal&#8221; up=&#8221;30&#8243; up_style=&#8221;px&#8221; down_style=&#8221;px&#8221;][vc_column_text]<\/p>\n<h3 style=\"text-align: center;\">SIMONE<br \/>\nREYMOND<\/h3>\n<p>[\/vc_column_text][vc_separator type=&#8221;normal&#8221; up_style=&#8221;px&#8221; down_style=&#8221;px&#8221;][vc_single_image image=&#8221;351475&#8243; img_size=&#8221;medium&#8221; alignment=&#8221;center&#8221; mkd_css_animation=&#8221;&#8221; set_shader=&#8221;no&#8221; set_popup=&#8221;no&#8221; animate_image_on_hover=&#8221;no&#8221;][vc_separator type=&#8221;transparent&#8221; up=&#8221;15&#8243; up_style=&#8221;px&#8221; down=&#8221;20&#8243; down_style=&#8221;px&#8221;][vc_column_text]<\/p>\n<p style=\"text-align: center;\"><b>22 ANNI, DI OULX.<\/b><br \/>\n<strong>MAESTRO DI SCI<\/strong><\/p>\n<p>[\/vc_column_text][vc_separator type=&#8221;transparent&#8221; up=&#8221;15&#8243; up_style=&#8221;px&#8221; down=&#8221;20&#8243; down_style=&#8221;px&#8221;][\/vc_column_inner][vc_column_inner width=&#8221;1\/2&#8243;][vc_separator type=&#8221;normal&#8221; up=&#8221;30&#8243; up_style=&#8221;px&#8221; down_style=&#8221;px&#8221;][vc_column_text]<\/p>\n<h3 style=\"text-align: center;\">FILIPPO<br \/>\nADAMO<\/h3>\n<p>[\/vc_column_text][vc_separator type=&#8221;normal&#8221; up_style=&#8221;px&#8221; down_style=&#8221;px&#8221;][vc_single_image image=&#8221;351472&#8243; img_size=&#8221;medium&#8221; alignment=&#8221;center&#8221; mkd_css_animation=&#8221;&#8221; set_shader=&#8221;no&#8221; set_popup=&#8221;no&#8221; animate_image_on_hover=&#8221;no&#8221;][vc_separator type=&#8221;transparent&#8221; up=&#8221;15&#8243; up_style=&#8221;px&#8221; down=&#8221;20&#8243; down_style=&#8221;px&#8221;][vc_column_text]<\/p>\n<p style=\"text-align: center;\"><strong>22 ANNI, DI TORINO.<\/strong><br \/>\n<strong>MAESTRO DI SCI\u00a0<\/strong><\/p>\n<p>[\/vc_column_text][vc_separator type=&#8221;transparent&#8221; up=&#8221;15&#8243; up_style=&#8221;px&#8221; down=&#8221;20&#8243; down_style=&#8221;px&#8221;][\/vc_column_inner][\/vc_row_inner][\/vc_column][\/vc_row][vc_row row_type=&#8221;row&#8221; use_row_as_full_screen_section=&#8221;no&#8221; type=&#8221;full_width&#8221; oblique_section=&#8221;no&#8221; text_align=&#8221;left&#8221; Overflow=&#8221;&#8221; triangle_shape=&#8221;no&#8221; background_color=&#8221;#f3f3f4&#8243; css_animation=&#8221;&#8221; overflow=&#8221;&#8221; box_shadow_on_row=&#8221;no&#8221; el_class=&#8221;chisiamo1&#8243;][vc_column][vc_empty_space image_repeat=&#8221;no-repeat&#8221;][\/vc_column][\/vc_row][vc_row row_type=&#8221;row&#8221; use_row_as_full_screen_section=&#8221;yes&#8221; type=&#8221;full_width&#8221; oblique_section=&#8221;no&#8221; text_align=&#8221;left&#8221; Overflow=&#8221;&#8221; triangle_shape=&#8221;no&#8221; background_image=&#8221;351411&#8243; background_color=&#8221;#f3f3f4&#8243; padding_top=&#8221;300&#8243; padding_bottom=&#8221;400&#8243; css_animation=&#8221;&#8221; overflow=&#8221;&#8221; box_shadow_on_row=&#8221;no&#8221; el_class=&#8221;chisiamo1&#8243;][vc_column][\/vc_column][\/vc_row]<\/p>\n<\/div>","protected":false},"excerpt":{"rendered":"<p>[vc_row row_type=&#8221;row&#8221; use_row_as_full_screen_section=&#8221;yes&#8221; type=&#8221;full_width&#8221; oblique_section=&#8221;no&#8221; text_align=&#8221;left&#8221; Overflow=&#8221;&#8221; triangle_shape=&#8221;no&#8221; background_image=&#8221;351316&#8243; padding_top=&#8221;400&#8243; padding_bottom=&#8221;400&#8243; css_animation=&#8221;&#8221; overflow=&#8221;&#8221; el_class=&#8221;filosofia&#8221;][vc_column][\/vc_column][\/vc_row][vc_row row_type=&#8221;row&#8221; use_row_as_full_screen_section=&#8221;no&#8221; type=&#8221;grid&#8221; oblique_section=&#8221;no&#8221; text_align=&#8221;center&#8221; Overflow=&#8221;&#8221; triangle_shape=&#8221;no&#8221; background_color=&#8221;#f3f3f4&#8243; padding_bottom=&#8221;55&#8243; css_animation=&#8221;&#8221; overflow=&#8221;&#8221; box_shadow_on_row=&#8221;no&#8221;][vc_column offset=&#8221;vc_col-lg-offset-1 vc_col-lg-10&#8243;][vc_empty_space image_repeat=&#8221;no-repeat&#8221;][vc_column_text] CHI SIAMO [\/vc_column_text][vc_empty_space height=&#8221;60px&#8221; image_repeat=&#8221;no-repeat&#8221;][vc_column_text] Freeskisauze \u00e8 un team di ragazzi che desiderano praticare lo sci&#8230;<\/p>\n","protected":false},"author":1,"featured_media":0,"parent":0,"menu_order":0,"comment_status":"open","ping_status":"open","template":"full_width.php","meta":{"footnotes":""},"class_list":["post-1745","page","type-page","status-publish","hentry"],"_links":{"self":[{"href":"https:\/\/freeskisauze.it\/index.php?rest_route=\/wp\/v2\/pages\/1745","targetHints":{"allow":["GET"]}}],"collection":[{"href":"https:\/\/freeskisauze.it\/index.php?rest_route=\/wp\/v2\/pages"}],"about":[{"href":"https:\/\/freeskisauze.it\/index.php?rest_route=\/wp\/v2\/types\/page"}],"author":[{"embeddable":true,"href":"https:\/\/freeskisauze.it\/index.php?rest_route=\/wp\/v2\/users\/1"}],"replies":[{"embeddable":true,"href":"https:\/\/freeskisauze.it\/index.php?rest_route=%2Fwp%2Fv2%2Fcomments&post=1745"}],"version-history":[{"count":213,"href":"https:\/\/freeskisauze.it\/index.php?rest_route=\/wp\/v2\/pages\/1745\/revisions"}],"predecessor-version":[{"id":351478,"href":"https:\/\/freeskisauze.it\/index.php?rest_route=\/wp\/v2\/pages\/1745\/revisions\/351478"}],"wp:attachment":[{"href":"https:\/\/freeskisauze.it\/index.php?rest_route=%2Fwp%2Fv2%2Fmedia&parent=1745"}],"curies":[{"name":"wp","href":"https:\/\/api.w.org\/{rel}","templated":true}]}}